{"id":9,"date":"2016-04-27T21:46:34","date_gmt":"2016-04-27T21:46:34","guid":{"rendered":"http:\/\/themexriver.net\/wp\/constructorone\/?page_id=9"},"modified":"2019-01-30T15:11:02","modified_gmt":"2019-01-30T21:11:02","slug":"nuestros-servicios","status":"publish","type":"page","link":"https:\/\/www.diek.hn\/constructora\/nuestros-servicios\/","title":{"rendered":"Nuestros Servicios"},"content":{"rendered":"<p>[vc_row][vc_column]   \n   \n\n<!--Services Section-->\n<section class=\"services-style-one padd-top-50 no-padd-ser \">\n    <div class=\"auto-container\">\n        <!--Section Title-->\n                \n        <div class=\"row clearfix\">\n            <!--Default Service Column-->\n            \n                        <div class=\"default-service-column col-md-4 col-sm-6 col-xs-12\" style=\"cursor: pointer;\">\n                <a href=\"https:\/\/www.diek.hn\/constructora\/services\/sistema-de-agua-potable\/\">\n                    <div class=\"inner-box wow fadeInUp\" data-wow-delay=\"0ms\" data-wow-duration=\"1500ms\">\n                        <div class=\"inner-most\">\n                            <figure class=\"image-box\" style=\"width: 500px; height: 350px\"><a href=\"https:\/\/www.diek.hn\/constructora\/services\/sistema-de-agua-potable\/\"><img loading=\"lazy\" decoding=\"async\" width=\"370\" height=\"270\" src=\"https:\/\/www.diek.hn\/constructora\/wp-content\/uploads\/2016\/04\/P8230276-370x270.jpg\" class=\"img-responsive wp-post-image\" alt=\"\" \/><\/a><\/figure>\n                            <div class=\"lower-part\">\n                                <div class=\"left-curve\"><\/div>\n                                <div class=\"right-curve\"><\/div>\n                                \n                                <div class=\"content\">\n                                    <h3>Sistema de Agua Potable<\/h3>\n                                    <!-- <div class=\"text\">El proceso del suministro de agua potable comprende la captaci\u00f3n, conducci\u00f3n, tratamiento, almacenamiento de agua ..., <a href=\"https:\/\/www.diek.hn\/constructora\/services\/sistema-de-agua-potable\/\">Leer m&aacute;s<\/a><\/div> -->\n                                    <!-- <div class=\"more-link\"><a href=\"https:\/\/www.diek.hn\/constructora\/services\/sistema-de-agua-potable\/\" class=\"read-more\">Leer m&aacute;s<\/a><\/div> -->\n                                <\/div>\n                            <\/div>\n                        <\/div>\n                    <\/div>\n                <\/a>\n            <\/div>\n                        <div class=\"default-service-column col-md-4 col-sm-6 col-xs-12\" style=\"cursor: pointer;\">\n                <a href=\"https:\/\/www.diek.hn\/constructora\/services\/pavimentacion-rigida-y-flexible\/\">\n                    <div class=\"inner-box wow fadeInUp\" data-wow-delay=\"0ms\" data-wow-duration=\"1500ms\">\n                        <div class=\"inner-most\">\n                            <figure class=\"image-box\" style=\"width: 500px; height: 350px\"><a href=\"https:\/\/www.diek.hn\/constructora\/services\/pavimentacion-rigida-y-flexible\/\"><img loading=\"lazy\" decoding=\"async\" width=\"370\" height=\"270\" src=\"https:\/\/www.diek.hn\/constructora\/wp-content\/uploads\/2016\/04\/27-Calle-2-370x270.jpg\" class=\"img-responsive wp-post-image\" alt=\"\" srcset=\"https:\/\/www.diek.hn\/constructora\/wp-content\/uploads\/2016\/04\/27-Calle-2-370x270.jpg 370w, https:\/\/www.diek.hn\/constructora\/wp-content\/uploads\/2016\/04\/27-Calle-2-300x218.jpg 300w, https:\/\/www.diek.hn\/constructora\/wp-content\/uploads\/2016\/04\/27-Calle-2-768x559.jpg 768w, https:\/\/www.diek.hn\/constructora\/wp-content\/uploads\/2016\/04\/27-Calle-2-1024x746.jpg 1024w, https:\/\/www.diek.hn\/constructora\/wp-content\/uploads\/2016\/04\/27-Calle-2.jpg 1667w\" sizes=\"auto, (max-width: 370px) 100vw, 370px\" \/><\/a><\/figure>\n                            <div class=\"lower-part\">\n                                <div class=\"left-curve\"><\/div>\n                                <div class=\"right-curve\"><\/div>\n                                \n                                <div class=\"content\">\n                                    <h3>Pavimentaci\u00f3n R\u00edgida y Flexible<\/h3>\n                                    <!-- <div class=\"text\">Los tipos de pavimentos se clasifican de la siguiente manera: * Pavimentos Asf\u00e1lticos o Flexibles: ..., <a href=\"https:\/\/www.diek.hn\/constructora\/services\/pavimentacion-rigida-y-flexible\/\">Leer m&aacute;s<\/a><\/div> -->\n                                    <!-- <div class=\"more-link\"><a href=\"https:\/\/www.diek.hn\/constructora\/services\/pavimentacion-rigida-y-flexible\/\" class=\"read-more\">Leer m&aacute;s<\/a><\/div> -->\n                                <\/div>\n                            <\/div>\n                        <\/div>\n                    <\/div>\n                <\/a>\n            <\/div>\n                        <div class=\"default-service-column col-md-4 col-sm-6 col-xs-12\" style=\"cursor: pointer;\">\n                <a href=\"https:\/\/www.diek.hn\/constructora\/services\/edificacion-general\/\">\n                    <div class=\"inner-box wow fadeInUp\" data-wow-delay=\"0ms\" data-wow-duration=\"1500ms\">\n                        <div class=\"inner-most\">\n                            <figure class=\"image-box\" style=\"width: 500px; height: 350px\"><a href=\"https:\/\/www.diek.hn\/constructora\/services\/edificacion-general\/\"><img loading=\"lazy\" decoding=\"async\" width=\"370\" height=\"270\" src=\"https:\/\/www.diek.hn\/constructora\/wp-content\/uploads\/2016\/05\/Gimnasio-770x494-370x270.jpg\" class=\"img-responsive wp-post-image\" alt=\"\" \/><\/a><\/figure>\n                            <div class=\"lower-part\">\n                                <div class=\"left-curve\"><\/div>\n                                <div class=\"right-curve\"><\/div>\n                                \n                                <div class=\"content\">\n                                    <h3>Edificaci\u00f3n General<\/h3>\n                                    <!-- <div class=\"text\">Comprende la construcci\u00f3n nueva, ampliaci\u00f3n, reparaci\u00f3n, rehabilitaci\u00f3n o restauraci\u00f3n de cualquier espacio para el desarrollo ..., <a href=\"https:\/\/www.diek.hn\/constructora\/services\/edificacion-general\/\">Leer m&aacute;s<\/a><\/div> -->\n                                    <!-- <div class=\"more-link\"><a href=\"https:\/\/www.diek.hn\/constructora\/services\/edificacion-general\/\" class=\"read-more\">Leer m&aacute;s<\/a><\/div> -->\n                                <\/div>\n                            <\/div>\n                        <\/div>\n                    <\/div>\n                <\/a>\n            <\/div>\n                        <div class=\"default-service-column col-md-4 col-sm-6 col-xs-12\" style=\"cursor: pointer;\">\n                <a href=\"https:\/\/www.diek.hn\/constructora\/services\/control-de-inundaciones\/\">\n                    <div class=\"inner-box wow fadeInUp\" data-wow-delay=\"0ms\" data-wow-duration=\"1500ms\">\n                        <div class=\"inner-most\">\n                            <figure class=\"image-box\" style=\"width: 500px; height: 350px\"><a href=\"https:\/\/www.diek.hn\/constructora\/services\/control-de-inundaciones\/\"><img loading=\"lazy\" decoding=\"async\" width=\"370\" height=\"270\" src=\"https:\/\/www.diek.hn\/constructora\/wp-content\/uploads\/2016\/05\/foto-3-370x270.png\" class=\"img-responsive wp-post-image\" alt=\"\" \/><\/a><\/figure>\n                            <div class=\"lower-part\">\n                                <div class=\"left-curve\"><\/div>\n                                <div class=\"right-curve\"><\/div>\n                                \n                                <div class=\"content\">\n                                    <h3>Control de Inundaciones<\/h3>\n                                    <!-- <div class=\"text\">Comprende la construcci\u00f3n nueva, ampliaci\u00f3n, reparaci\u00f3n, rehabilitaci\u00f3n o restauraci\u00f3n de aquellas obras destinadas a prevenir ..., <a href=\"https:\/\/www.diek.hn\/constructora\/services\/control-de-inundaciones\/\">Leer m&aacute;s<\/a><\/div> -->\n                                    <!-- <div class=\"more-link\"><a href=\"https:\/\/www.diek.hn\/constructora\/services\/control-de-inundaciones\/\" class=\"read-more\">Leer m&aacute;s<\/a><\/div> -->\n                                <\/div>\n                            <\/div>\n                        <\/div>\n                    <\/div>\n                <\/a>\n            <\/div>\n                        <div class=\"default-service-column col-md-4 col-sm-6 col-xs-12\" style=\"cursor: pointer;\">\n                <a href=\"https:\/\/www.diek.hn\/constructora\/services\/drenaje-pluvial-y-sanitario\/\">\n                    <div class=\"inner-box wow fadeInUp\" data-wow-delay=\"0ms\" data-wow-duration=\"1500ms\">\n                        <div class=\"inner-most\">\n                            <figure class=\"image-box\" style=\"width: 500px; height: 350px\"><a href=\"https:\/\/www.diek.hn\/constructora\/services\/drenaje-pluvial-y-sanitario\/\"><img loading=\"lazy\" decoding=\"async\" width=\"370\" height=\"270\" src=\"https:\/\/www.diek.hn\/constructora\/wp-content\/uploads\/2016\/05\/05062012352-370x270.jpg\" class=\"img-responsive wp-post-image\" alt=\"\" \/><\/a><\/figure>\n                            <div class=\"lower-part\">\n                                <div class=\"left-curve\"><\/div>\n                                <div class=\"right-curve\"><\/div>\n                                \n                                <div class=\"content\">\n                                    <h3>Drenaje Pluvial y Sanitario<\/h3>\n                                    <!-- <div class=\"text\">Se clasifican segun al tipo de agua conducen: Alcantarillado Pluvial: Es el sistema que capta ..., <a href=\"https:\/\/www.diek.hn\/constructora\/services\/drenaje-pluvial-y-sanitario\/\">Leer m&aacute;s<\/a><\/div> -->\n                                    <!-- <div class=\"more-link\"><a href=\"https:\/\/www.diek.hn\/constructora\/services\/drenaje-pluvial-y-sanitario\/\" class=\"read-more\">Leer m&aacute;s<\/a><\/div> -->\n                                <\/div>\n                            <\/div>\n                        <\/div>\n                    <\/div>\n                <\/a>\n            <\/div>\n                        <div class=\"default-service-column col-md-4 col-sm-6 col-xs-12\" style=\"cursor: pointer;\">\n                <a href=\"https:\/\/www.diek.hn\/constructora\/services\/instalaciones-deportivas-y-de-recreacion\/\">\n                    <div class=\"inner-box wow fadeInUp\" data-wow-delay=\"0ms\" data-wow-duration=\"1500ms\">\n                        <div class=\"inner-most\">\n                            <figure class=\"image-box\" style=\"width: 500px; height: 350px\"><a href=\"https:\/\/www.diek.hn\/constructora\/services\/instalaciones-deportivas-y-de-recreacion\/\"><img loading=\"lazy\" decoding=\"async\" width=\"370\" height=\"270\" src=\"https:\/\/www.diek.hn\/constructora\/wp-content\/uploads\/2018\/02\/Foto-Plaza-Mundialista-3-770x494-370x270.jpg\" class=\"img-responsive wp-post-image\" alt=\"\" \/><\/a><\/figure>\n                            <div class=\"lower-part\">\n                                <div class=\"left-curve\"><\/div>\n                                <div class=\"right-curve\"><\/div>\n                                \n                                <div class=\"content\">\n                                    <h3>Instalaciones de Recreaci\u00f3n<\/h3>\n                                    <!-- <div class=\"text\">Comprende la construcci\u00f3n nueva, ampliaci\u00f3n, reparaci\u00f3n, rehabilitaci\u00f3n o restauraci\u00f3n de espacios recreacionales como ser canchas ..., <a href=\"https:\/\/www.diek.hn\/constructora\/services\/instalaciones-deportivas-y-de-recreacion\/\">Leer m&aacute;s<\/a><\/div> -->\n                                    <!-- <div class=\"more-link\"><a href=\"https:\/\/www.diek.hn\/constructora\/services\/instalaciones-deportivas-y-de-recreacion\/\" class=\"read-more\">Leer m&aacute;s<\/a><\/div> -->\n                                <\/div>\n                            <\/div>\n                        <\/div>\n                    <\/div>\n                <\/a>\n            <\/div>\n                        <div class=\"default-service-column col-md-4 col-sm-6 col-xs-12\" style=\"cursor: pointer;\">\n                <a href=\"https:\/\/www.diek.hn\/constructora\/services\/preparacion-de-suelos\/\">\n                    <div class=\"inner-box wow fadeInUp\" data-wow-delay=\"0ms\" data-wow-duration=\"1500ms\">\n                        <div class=\"inner-most\">\n                            <figure class=\"image-box\" style=\"width: 500px; height: 350px\"><a href=\"https:\/\/www.diek.hn\/constructora\/services\/preparacion-de-suelos\/\"><img loading=\"lazy\" decoding=\"async\" width=\"370\" height=\"270\" src=\"https:\/\/www.diek.hn\/constructora\/wp-content\/uploads\/2018\/05\/Preparacion-de-Suelos-370x270.jpg\" class=\"img-responsive wp-post-image\" alt=\"\" \/><\/a><\/figure>\n                            <div class=\"lower-part\">\n                                <div class=\"left-curve\"><\/div>\n                                <div class=\"right-curve\"><\/div>\n                                \n                                <div class=\"content\">\n                                    <h3>Preparaci\u00f3n de Suelos<\/h3>\n                                    <!-- <div class=\"text\">Esta actividad comprende la construcci\u00f3n de canales de drenaje y preparaci\u00f3n de suelos para el ..., <a href=\"https:\/\/www.diek.hn\/constructora\/services\/preparacion-de-suelos\/\">Leer m&aacute;s<\/a><\/div> -->\n                                    <!-- <div class=\"more-link\"><a href=\"https:\/\/www.diek.hn\/constructora\/services\/preparacion-de-suelos\/\" class=\"read-more\">Leer m&aacute;s<\/a><\/div> -->\n                                <\/div>\n                            <\/div>\n                        <\/div>\n                    <\/div>\n                <\/a>\n            <\/div>\n                        <div class=\"default-service-column col-md-4 col-sm-6 col-xs-12\" style=\"cursor: pointer;\">\n                <a href=\"https:\/\/www.diek.hn\/constructora\/services\/puentes\/\">\n                    <div class=\"inner-box wow fadeInUp\" data-wow-delay=\"0ms\" data-wow-duration=\"1500ms\">\n                        <div class=\"inner-most\">\n                            <figure class=\"image-box\" style=\"width: 500px; height: 350px\"><a href=\"https:\/\/www.diek.hn\/constructora\/services\/puentes\/\"><img loading=\"lazy\" decoding=\"async\" width=\"370\" height=\"270\" src=\"https:\/\/www.diek.hn\/constructora\/wp-content\/uploads\/2018\/05\/Puentes-370x270.jpg\" class=\"img-responsive wp-post-image\" alt=\"\" \/><\/a><\/figure>\n                            <div class=\"lower-part\">\n                                <div class=\"left-curve\"><\/div>\n                                <div class=\"right-curve\"><\/div>\n                                \n                                <div class=\"content\">\n                                    <h3>Puentes<\/h3>\n                                    <!-- <div class=\"text\">Comprende la construcci\u00f3n nueva, ampliaci\u00f3n, reparaci\u00f3n, rehabilitaci\u00f3n o restauraci\u00f3n de puentes, entre ellos incluye los ..., <a href=\"https:\/\/www.diek.hn\/constructora\/services\/puentes\/\">Leer m&aacute;s<\/a><\/div> -->\n                                    <!-- <div class=\"more-link\"><a href=\"https:\/\/www.diek.hn\/constructora\/services\/puentes\/\" class=\"read-more\">Leer m&aacute;s<\/a><\/div> -->\n                                <\/div>\n                            <\/div>\n                        <\/div>\n                    <\/div>\n                <\/a>\n            <\/div>\n                        <div class=\"default-service-column col-md-4 col-sm-6 col-xs-12\" style=\"cursor: pointer;\">\n                <a href=\"https:\/\/www.diek.hn\/constructora\/services\/mantenimiento-vial\/\">\n                    <div class=\"inner-box wow fadeInUp\" data-wow-delay=\"0ms\" data-wow-duration=\"1500ms\">\n                        <div class=\"inner-most\">\n                            <figure class=\"image-box\" style=\"width: 500px; height: 350px\"><a href=\"https:\/\/www.diek.hn\/constructora\/services\/mantenimiento-vial\/\"><img loading=\"lazy\" decoding=\"async\" width=\"370\" height=\"270\" src=\"https:\/\/www.diek.hn\/constructora\/wp-content\/uploads\/2018\/08\/Foto-Mantenimiento-Vial-370x270.jpg\" class=\"img-responsive wp-post-image\" alt=\"\" \/><\/a><\/figure>\n                            <div class=\"lower-part\">\n                                <div class=\"left-curve\"><\/div>\n                                <div class=\"right-curve\"><\/div>\n                                \n                                <div class=\"content\">\n                                    <h3>Mantenimiento Vial<\/h3>\n                                    <!-- <div class=\"text\">Comprende actividades de obras viales de mantenimiento rutinario y\/o peri\u00f3dico tanto en v\u00edas pavimentadas como ..., <a href=\"https:\/\/www.diek.hn\/constructora\/services\/mantenimiento-vial\/\">Leer m&aacute;s<\/a><\/div> -->\n                                    <!-- <div class=\"more-link\"><a href=\"https:\/\/www.diek.hn\/constructora\/services\/mantenimiento-vial\/\" class=\"read-more\">Leer m&aacute;s<\/a><\/div> -->\n                                <\/div>\n                            <\/div>\n                        <\/div>\n                    <\/div>\n                <\/a>\n            <\/div>\n                        \n        <\/div>\n    <\/div>\n<\/section>\n\n[\/vc_column][\/vc_row]<\/p>\n","protected":false},"excerpt":{"rendered":"<p>[vc_row][vc_column][\/vc_column][\/vc_row]<\/p>\n","protected":false},"author":1,"featured_media":0,"parent":0,"menu_order":0,"comment_status":"closed","ping_status":"closed","template":"tpl-visual_composer.php","meta":{"footnotes":""},"class_list":["post-9","page","type-page","status-publish","hentry"],"_links":{"self":[{"href":"https:\/\/www.diek.hn\/constructora\/wp-json\/wp\/v2\/pages\/9","targetHints":{"allow":["GET"]}}],"collection":[{"href":"https:\/\/www.diek.hn\/constructora\/wp-json\/wp\/v2\/pages"}],"about":[{"href":"https:\/\/www.diek.hn\/constructora\/wp-json\/wp\/v2\/types\/page"}],"author":[{"embeddable":true,"href":"https:\/\/www.diek.hn\/constructora\/wp-json\/wp\/v2\/users\/1"}],"replies":[{"embeddable":true,"href":"https:\/\/www.diek.hn\/constructora\/wp-json\/wp\/v2\/comments?post=9"}],"version-history":[{"count":14,"href":"https:\/\/www.diek.hn\/constructora\/wp-json\/wp\/v2\/pages\/9\/revisions"}],"predecessor-version":[{"id":1174,"href":"https:\/\/www.diek.hn\/constructora\/wp-json\/wp\/v2\/pages\/9\/revisions\/1174"}],"wp:attachment":[{"href":"https:\/\/www.diek.hn\/constructora\/wp-json\/wp\/v2\/media?parent=9"}],"curies":[{"name":"wp","href":"https:\/\/api.w.org\/{rel}","templated":true}]}}