{"id":916,"date":"2018-03-08T12:27:14","date_gmt":"2018-03-08T18:27:14","guid":{"rendered":"https:\/\/www.diek.hn\/constructora\/?page_id=916"},"modified":"2018-08-14T16:31:04","modified_gmt":"2018-08-14T22:31:04","slug":"nuestra-historia","status":"publish","type":"page","link":"https:\/\/www.diek.hn\/constructora\/nuestra-historia\/","title":{"rendered":"Nuestra Historia"},"content":{"rendered":"<div style=\"text-align: justify; font-size: 16px;\"><img loading=\"lazy\" decoding=\"async\" class=\"alignleft wp-image-1118 \" src=\"https:\/\/www.diek.hn\/constructora\/wp-content\/uploads\/2018\/08\/contrc.png\" alt=\"\" width=\"639\" height=\"400\" srcset=\"https:\/\/www.diek.hn\/constructora\/wp-content\/uploads\/2018\/08\/contrc.png 656w, https:\/\/www.diek.hn\/constructora\/wp-content\/uploads\/2018\/08\/contrc-300x188.png 300w\" sizes=\"auto, (max-width: 639px) 100vw, 639px\" \/>Inicia operaciones en Villanueva, Cortes, el 5 de octubre de 1999, siendo el fundador el se\u00f1or Afif Diek, quien, a trav\u00e9s de m\u00e1s de 50 a\u00f1os de vida profesional, se ha destacado por su gran dinamismo y desarrollo de innumerables proyectos en el progreso urban\u00edstico de Honduras que han contribuido para que se reconozca a Empresa Constructora Diek como una de las empresas l\u00edderes de la industria de la construcci\u00f3n.<\/div>\n<div style=\"text-align: justify; font-size: 16px;\">En sus inicios, el se\u00f1or Afif Diek se distingu\u00eda dentro del sector de la construcci\u00f3n como comerciante individual lo cual no fue un impedimento para demostrar su capacidad para cumplir a tiempo y bajo los m\u00e1s altos est\u00e1ndares de calidad con los requerimientos de los proyectos a ejecutar. Despu\u00e9s de varios a\u00f1os de experiencia en el rubro de la construcci\u00f3n, el se\u00f1or Afif Diek decide emprender un diferente camino dentro del sector de la construcci\u00f3n para poder trabajar en proyectos del Estado y funda lo que actualmente se conoce como Empresa Constructora Diek S.A. de C.V.<\/div>\n<div style=\"text-align: justify; font-size: 16px;\">Desde hace muchos a\u00f1os, Empresa Constructora Diek viene surgiendo y creciendo, ejecutando proyectos de obras de infraestructura del Estado y de particulares dando siempre los mejores resultados en durabilidad, funcionalidad, cumplimiento, econom\u00eda y responsabilidad para sus clientes, ubic\u00e1ndose as\u00ed en el sector de la construcci\u00f3n como una de las firmas m\u00e1s prestigiosas de Honduras.<\/div>\n<div style=\"text-align: justify; font-size: 16px;\">Debido al crecimiento y al constante cambio de las necesidades y expectativas del mercado, Empresa Constructora Diek ha extendido su campo de acci\u00f3n y ocupacional para la cual cuenta con una extensa y diversa maquinaria, un personal altamente calificado y una estructura organizacional fortalecida. Con el fin de superar las expectativas de sus clientes, la empresa ha roto los esquemas tradicionales y ha fomentado la innovaci\u00f3n y las nuevas tendencias en los proyectos que desarrolla.<\/div>\n<div style=\"text-align: justify; font-size: 16px;\">La empresa no es ajena a los cambios, a la mejora, a la competitividad y a las altas exigencias de los clientes y es por eso que Empresa Constructora Diek ha establecido el sistema de gesti\u00f3n de calidad como estrategia para aumentar la satisfacci\u00f3n del cliente y la eficiencia que han sido siempre el basti\u00f3n de la empresa. Desde su formaci\u00f3n, la empresa ha sido una gran fuente de trabajo para los habitantes de su ciudad-sede, Villanueva, y sus alrededores, con lo cual ha estimulado el desarrollo de dichas ciudades.<\/div>\n<div><\/div>\n<p>&nbsp;<\/p>\n<div align=\"center\">\n<h2>VALORES EMPRESARIALES<\/h2>\n<\/div>\n<div style=\"text-align: justify; font-size: 16px;\">\n    <strong>RESPONSABILIDAD<\/strong><br \/>\n    <img loading=\"lazy\" decoding=\"async\" class=\" wp-image-933 alignright\" src=\"https:\/\/www.diek.hn\/constructora\/wp-content\/uploads\/2018\/03\/29616_123524_1.jpg\" alt=\"\" width=\"526\" height=\"373\" srcset=\"https:\/\/www.diek.hn\/constructora\/wp-content\/uploads\/2018\/03\/29616_123524_1.jpg 480w, https:\/\/www.diek.hn\/constructora\/wp-content\/uploads\/2018\/03\/29616_123524_1-300x213.jpg 300w\" sizes=\"auto, (max-width: 526px) 100vw, 526px\" \/>A trav\u00e9s de los a\u00f1os, Empresa Constructora Diek se ha encaminado hacia una actividad integrada, especializ\u00e1ndose en la implementaci\u00f3n y desarrollo de procesos industrializados de dise\u00f1o y construcci\u00f3n de proyectos de inversi\u00f3n, vivienda, escuelas y oficinas, obras de infraestructura y ejecuci\u00f3n de macro proyectos urban\u00edsticos y comerciales.<\/p>\n<p>    <strong>INTEGRIDAD<\/strong><br \/>\n    Nos relacionamos con los dem\u00e1s siendo honestos, transparentes y respetuosos en nuestro trato.<\/p>\n<p>    <strong>INNOVACIO\u0301N<\/strong><br \/>\n    Estamos en la b\u00fasqueda constante de innovar nuestros procesos con el fin de mejorar cada d\u00eda m\u00e1s.<\/p>\n<p>    <strong>COMPROMISO CON NUESTROS CLIENTES<\/strong><br \/>\n    Trabajamos di\u0301a a di\u0301a por satisfacer las necesidades de nuestros clientes, por cumplirles en tiempo y con los m\u00e1s altos est\u00e1ndares de calidad.<\/p>\n<p>    <strong>PASIO\u0301N<\/strong><br \/>\n    Somos apasionados con nuestro trabajo, nos gustan los retos y nos esforzamos por dar lo mejor de nosotros para asegurar el \u00e9xito de la empresa.<\/p>\n<p>    <strong>ESPI\u0301RITU DE EQUIPO<\/strong><br \/>\n    Trabajamos por un objetivo compartido y nos ayudamos unos a otros para alcanzarlo todos juntos.<br \/>\n    &nbsp;<\/p>\n<div align=\"center\">\n<h2>FILOSOF\u00cdA<\/h2>\n<\/p><\/div>\n<p>    <strong><img loading=\"lazy\" decoding=\"async\" class=\"alignleft wp-image-935\" src=\"https:\/\/www.diek.hn\/constructora\/wp-content\/uploads\/2018\/03\/construccion-civil-1024x576.jpg\" alt=\"\" width=\"544\" height=\"334\" \/>AMBIENTE<\/strong><br \/>\n    Generamos un ambiente de trabajo de confianza, respeto y amabilidad donde los jefes inspiran, gu\u00edan y desarrollan.<\/p>\n<p>    <strong>EQUIPO<\/strong><br \/>\n    Promovemos y valoramos el aporte de ideas de todos los colaboradores.<\/p>\n<p>    <strong>VALORES<\/strong><br \/>\n    Vivimos los valores de la empresa, los promulgamos e incentivamos a otros para que tambi\u00e9n lo hagan.<\/p>\n<p>    <strong>DECISIONES<\/strong><br \/>\n    Tomamos nuestras decisiones del di\u0301a a di\u0301a, siempre evaluando la relaci\u00f3n costo-beneficio de cada una de ellas.\n<\/div>\n","protected":false},"excerpt":{"rendered":"<p>Inicia operaciones en Villanueva, Cortes, el 5 de octubre de 1999, siendo el fundador el se\u00f1or Afif Diek, quien, a trav\u00e9s de m\u00e1s de 50 a\u00f1os de vida profesional, se ha destacado por su gran dinamismo y desarrollo de innumerables proyectos en el progreso urban\u00edstico de Honduras que han contribuido para que se reconozca a<\/p>\n","protected":false},"author":1,"featured_media":0,"parent":0,"menu_order":0,"comment_status":"closed","ping_status":"closed","template":"","meta":{"footnotes":""},"class_list":["post-916","page","type-page","status-publish","hentry"],"_links":{"self":[{"href":"https:\/\/www.diek.hn\/constructora\/wp-json\/wp\/v2\/pages\/916","targetHints":{"allow":["GET"]}}],"collection":[{"href":"https:\/\/www.diek.hn\/constructora\/wp-json\/wp\/v2\/pages"}],"about":[{"href":"https:\/\/www.diek.hn\/constructora\/wp-json\/wp\/v2\/types\/page"}],"author":[{"embeddable":true,"href":"https:\/\/www.diek.hn\/constructora\/wp-json\/wp\/v2\/users\/1"}],"replies":[{"embeddable":true,"href":"https:\/\/www.diek.hn\/constructora\/wp-json\/wp\/v2\/comments?post=916"}],"version-history":[{"count":104,"href":"https:\/\/www.diek.hn\/constructora\/wp-json\/wp\/v2\/pages\/916\/revisions"}],"predecessor-version":[{"id":1152,"href":"https:\/\/www.diek.hn\/constructora\/wp-json\/wp\/v2\/pages\/916\/revisions\/1152"}],"wp:attachment":[{"href":"https:\/\/www.diek.hn\/constructora\/wp-json\/wp\/v2\/media?parent=916"}],"curies":[{"name":"wp","href":"https:\/\/api.w.org\/{rel}","templated":true}]}}